{"id":45,"date":"2022-10-04T03:12:10","date_gmt":"2022-10-04T03:12:10","guid":{"rendered":"https:\/\/sanchezsilva.mx\/?page_id=45"},"modified":"2022-12-23T19:12:03","modified_gmt":"2022-12-23T19:12:03","slug":"inicio","status":"publish","type":"page","link":"https:\/\/sanchezsilva.mx\/","title":{"rendered":"inicio"},"content":{"rendered":"<p>[et_pb_section fb_built=\u00bb1&#8243; fullwidth=\u00bbon\u00bb _builder_version=\u00bb4.18.0&#8243; _module_preset=\u00bbdefault\u00bb global_colors_info=\u00bb{}\u00bb][et_pb_fullwidth_slider _builder_version=\u00bb4.18.0&#8243; _module_preset=\u00bbdefault\u00bb header_font=\u00bbAdamina|700|||||||\u00bb header_text_align=\u00bbleft\u00bb header_text_color=\u00bb#DEBE83&#8243; header_font_size=\u00bb50px\u00bb body_font=\u00bb|600|||||||\u00bb body_text_align=\u00bbleft\u00bb body_font_size=\u00bb24px\u00bb header_font_size_tablet=\u00bb40px\u00bb header_font_size_phone=\u00bb26px\u00bb header_font_size_last_edited=\u00bboff|phone\u00bb body_font_size_tablet=\u00bb20px\u00bb body_font_size_phone=\u00bb16px\u00bb body_font_size_last_edited=\u00bbon|phone\u00bb header_text_shadow_style=\u00bbpreset3&#8243; header_text_shadow_color=\u00bb#242424&#8243; body_text_shadow_style=\u00bbpreset3&#8243; body_text_shadow_color=\u00bb#000000&#8243; global_colors_info=\u00bb{}\u00bb][et_pb_slide heading=\u00bbMediador Privado\u00bb _builder_version=\u00bb4.18.0&#8243; _module_preset=\u00bbdefault\u00bb background_color=\u00bbrgba(14,52,75,0.66)\u00bb background_enable_color=\u00bbon\u00bb background_image=\u00bbhttps:\/\/sanchezsilva.mx\/wp-content\/uploads\/2022\/10\/SS_10_22_001.jpg\u00bb background_enable_image=\u00bbon\u00bb background_blend=\u00bbexclusion\u00bb global_colors_info=\u00bb{}\u00bb sticky_transition=\u00bbon\u00bb]<\/p>\n<p>El\u00a0Mediador Privado\u00a0es un profesional certificado en los campos Civil-Mercantil y Familiar, que se encuentra en constante actualizaci\u00f3n y bajo la regulaci\u00f3n del Centro de Justicia Alternativa del Tribunal Superior de Justicia de la Ciudad de M\u00e9xico.<\/p>\n<p>[\/et_pb_slide][\/et_pb_fullwidth_slider][\/et_pb_section][et_pb_section fb_built=\u00bb1&#8243; _builder_version=\u00bb4.18.0&#8243; _module_preset=\u00bbdefault\u00bb background_color=\u00bb#eaeaea\u00bb global_colors_info=\u00bb{}\u00bb][et_pb_row column_structure=\u00bb1_2,1_2&#8243; _builder_version=\u00bb4.18.0&#8243; _module_preset=\u00bbdefault\u00bb global_colors_info=\u00bb{}\u00bb][et_pb_column type=\u00bb1_2&#8243; _builder_version=\u00bb4.18.0&#8243; _module_preset=\u00bbdefault\u00bb global_colors_info=\u00bb{}\u00bb][et_pb_image src=\u00bbhttps:\/\/sanchezsilva.mx\/wp-content\/uploads\/2022\/10\/SS_10_22_002.jpg\u00bb title_text=\u00bbSS_10_22_002&#8243; _builder_version=\u00bb4.18.0&#8243; _module_preset=\u00bbdefault\u00bb border_radii=\u00bbon|10px|10px|10px|10px\u00bb border_width_all=\u00bb4px\u00bb border_color_all=\u00bb#DEBE83&#8243; box_shadow_style=\u00bbpreset3&#8243; global_colors_info=\u00bb{}\u00bb][\/et_pb_image][\/et_pb_column][et_pb_column type=\u00bb1_2&#8243; _builder_version=\u00bb4.18.0&#8243; _module_preset=\u00bbdefault\u00bb global_colors_info=\u00bb{}\u00bb][et_pb_text _builder_version=\u00bb4.18.0&#8243; _module_preset=\u00bbdefault\u00bb text_text_color=\u00bb#0E344B\u00bb header_2_font=\u00bb|700|||||||\u00bb header_2_text_color=\u00bb#C59B4C\u00bb text_orientation=\u00bbjustified\u00bb global_colors_info=\u00bb{}\u00bb]<\/p>\n<h2>Mediador Privado<\/h2>\n<p>El\u00a0Mediador Privado\u00a0es un profesional certificado en los campos Civil-Mercantil y Familiar, que se encuentra en constante actualizaci\u00f3n y bajo la regulaci\u00f3n del Centro de Justicia Alternativa del Tribunal Superior de Justicia de la Ciudad de M\u00e9xico.<\/p>\n<p>Es\u00a0imparcial, neutral y se encarga de facilitar la comunicaci\u00f3n entre los interesados para que puedan solucionar su problema.<\/p>\n<p>[\/et_pb_text][\/et_pb_column][\/et_pb_row][et_pb_row _builder_version=\u00bb4.19.4&#8243; _module_preset=\u00bbdefault\u00bb][et_pb_column _builder_version=\u00bb4.19.4&#8243; _module_preset=\u00bbdefault\u00bb type=\u00bb4_4&#8243;][et_pb_blurb title=\u00bbSolicita una asesor\u00eda telef\u00f3nica GRATUITA\u00bb _builder_version=\u00bb4.19.4&#8243; _module_preset=\u00bbdefault\u00bb use_icon=\u00bbon\u00bb font_icon=\u00bb&#xf46d;||fa||900&#8243; icon_color=\u00bb#274D64&#8243; url=\u00bbhttps:\/\/sanchezsilva.mx\/asesoria\/\u00bb link_option_url=\u00bbhttps:\/\/sanchezsilva.mx\/asesoria\/\u00bb hover_enabled=\u00bb0&#8243; sticky_enabled=\u00bb0&#8243; header_font=\u00bb|700|||||||\u00bb header_text_color=\u00bb#0E344B\u00bb border_radii=\u00bbon|12px|12px|12px|12px\u00bb custom_padding=\u00bb10px|10px|10px|10px|false|false\u00bb background_enable_color=\u00bboff\u00bb border_width_all=\u00bb2px\u00bb border_color_all=\u00bb#274D64&#8243; disabled_on=\u00bboff|off|off\u00bb transform_styles__hover_enabled=\u00bbon|hover\u00bb transform_scale__hover_enabled=\u00bbon|hover\u00bb transform_translate__hover_enabled=\u00bbon|desktop\u00bb transform_rotate__hover_enabled=\u00bbon|desktop\u00bb transform_skew__hover_enabled=\u00bbon|desktop\u00bb transform_origin__hover_enabled=\u00bbon|desktop\u00bb transform_scale__hover=\u00bb104%|104%\u00bb header_text_align=\u00bbcenter\u00bb text_orientation=\u00bbcenter\u00bb body_text_color=\u00bb#000000&#8243; header_level=\u00bbh2&#8243;]<\/p>\n<p>Mediador Privado S\u00e1nchez Silva \u00a0puede asesorar totalmente GRATIS, de tu tema Civil, Mercantil o Familiar y explicarte como por medio de la mediaci\u00f3n se le puede dar soluci\u00f3n a tu problema de forma legal y amigable.<\/p>\n<p>[\/et_pb_blurb][\/et_pb_column][\/et_pb_row][\/et_pb_section][et_pb_section fb_built=\u00bb1&#8243; _builder_version=\u00bb4.18.0&#8243; _module_preset=\u00bbdefault\u00bb background_color=\u00bb#0E344B\u00bb custom_padding=\u00bb25px||19px|||\u00bb global_colors_info=\u00bb{}\u00bb][et_pb_row _builder_version=\u00bb4.18.0&#8243; _module_preset=\u00bbdefault\u00bb global_colors_info=\u00bb{}\u00bb][et_pb_column type=\u00bb4_4&#8243; _builder_version=\u00bb4.18.0&#8243; _module_preset=\u00bbdefault\u00bb global_colors_info=\u00bb{}\u00bb][et_pb_text _builder_version=\u00bb4.18.0&#8243; _module_preset=\u00bbdefault\u00bb header_font=\u00bb|700|||||||\u00bb header_text_color=\u00bb#FFFFFF\u00bb header_2_font=\u00bb|700|||||||\u00bb header_2_text_align=\u00bbcenter\u00bb header_2_text_color=\u00bb#FFFFFF\u00bb global_colors_info=\u00bb{}\u00bb]<\/p>\n<h2>Ventajas de la mediaci\u00f3n privada<\/h2>\n<p>[\/et_pb_text][et_pb_divider color=\u00bb#DEBE83&#8243; _builder_version=\u00bb4.18.0&#8243; _module_preset=\u00bbdefault\u00bb global_colors_info=\u00bb{}\u00bb][\/et_pb_divider][\/et_pb_column][\/et_pb_row][\/et_pb_section][et_pb_section fb_built=\u00bb1&#8243; _builder_version=\u00bb4.18.0&#8243; _module_preset=\u00bbdefault\u00bb background_color=\u00bb#0E344B\u00bb custom_padding=\u00bb20px|||||\u00bb global_colors_info=\u00bb{}\u00bb][et_pb_row column_structure=\u00bb1_2,1_2&#8243; _builder_version=\u00bb4.18.0&#8243; _module_preset=\u00bbdefault\u00bb global_colors_info=\u00bb{}\u00bb][et_pb_column type=\u00bb1_2&#8243; _builder_version=\u00bb4.18.0&#8243; _module_preset=\u00bbdefault\u00bb global_colors_info=\u00bb{}\u00bb][et_pb_blurb title=\u00bbTienen calidad de cosa juzgada\u00bb use_icon=\u00bbon\u00bb font_icon=\u00bb&#xf0e3;||fa||900&#8243; icon_color=\u00bb#DEBE83&#8243; icon_placement=\u00bbleft\u00bb _builder_version=\u00bb4.18.0&#8243; _module_preset=\u00bbdefault\u00bb header_font=\u00bb|700|||||||\u00bb header_text_color=\u00bb#DEBE83&#8243; header_font_size=\u00bb22px\u00bb body_text_color=\u00bb#D6D6D6&#8243; body_font_size=\u00bb18px\u00bb text_orientation=\u00bbjustified\u00bb background_layout=\u00bbdark\u00bb global_colors_info=\u00bb{}\u00bb]<\/p>\n<p>El convenio que se celebre ante un Mediador Privado certificado por el TSJCDMX tiene CALIDAD DE COSA JUZGADA y sobre todo CAUSA EJECUTORIA POR MINISTERIO DE LEY, toda vez que el Mediador Privado Certificado tiene FE P\u00daBLICA, adquiriendo de igual forma calidad de documento p\u00fablico el convenio de mediaci\u00f3n.<\/p>\n<p>Lo anterior implica que en caso de que se llegaren a incumplir las obligaciones asumidas por las partes firmantes del convenio de mediaci\u00f3n, la parte perjudicada, puede demandar el cumplimiento de las obligaciones en v\u00eda de apremio o mediante juicio ejecutivo.<\/p>\n<p>[\/et_pb_blurb][\/et_pb_column][et_pb_column type=\u00bb1_2&#8243; _builder_version=\u00bb4.18.0&#8243; _module_preset=\u00bbdefault\u00bb global_colors_info=\u00bb{}\u00bb][et_pb_image src=\u00bbhttps:\/\/sanchezsilva.mx\/wp-content\/uploads\/2022\/10\/SS_10_22_006.jpg\u00bb title_text=\u00bbSS_10_22_006&#8243; _builder_version=\u00bb4.18.0&#8243; _module_preset=\u00bbdefault\u00bb border_radii=\u00bbon|10px|10px|10px|10px\u00bb border_width_all=\u00bb4px\u00bb border_color_all=\u00bb#DEBE83&#8243; box_shadow_style=\u00bbpreset3&#8243; global_colors_info=\u00bb{}\u00bb][\/et_pb_image][\/et_pb_column][\/et_pb_row][et_pb_row column_structure=\u00bb1_2,1_2&#8243; _builder_version=\u00bb4.18.0&#8243; _module_preset=\u00bbdefault\u00bb global_colors_info=\u00bb{}\u00bb][et_pb_column type=\u00bb1_2&#8243; _builder_version=\u00bb4.18.0&#8243; _module_preset=\u00bbdefault\u00bb global_colors_info=\u00bb{}\u00bb][et_pb_image src=\u00bbhttps:\/\/sanchezsilva.mx\/wp-content\/uploads\/2022\/10\/SS_10_22_007.jpg\u00bb title_text=\u00bbSS_10_22_007&#8243; _builder_version=\u00bb4.18.0&#8243; _module_preset=\u00bbdefault\u00bb border_radii=\u00bbon|10px|10px|10px|10px\u00bb border_width_all=\u00bb4px\u00bb border_color_all=\u00bb#DEBE83&#8243; box_shadow_style=\u00bbpreset3&#8243; global_colors_info=\u00bb{}\u00bb][\/et_pb_image][\/et_pb_column][et_pb_column type=\u00bb1_2&#8243; _builder_version=\u00bb4.18.0&#8243; _module_preset=\u00bbdefault\u00bb global_colors_info=\u00bb{}\u00bb][et_pb_blurb title=\u00bbEjecuci\u00f3n en v\u00eda de apremio.\u00bb use_icon=\u00bbon\u00bb font_icon=\u00bb&#xf0e3;||fa||900&#8243; icon_color=\u00bb#DEBE83&#8243; icon_placement=\u00bbleft\u00bb _builder_version=\u00bb4.18.0&#8243; _module_preset=\u00bbdefault\u00bb header_font=\u00bb|700|||||||\u00bb header_text_color=\u00bb#DEBE83&#8243; header_font_size=\u00bb22px\u00bb body_text_color=\u00bb#D6D6D6&#8243; body_font_size=\u00bb18px\u00bb text_orientation=\u00bbjustified\u00bb background_layout=\u00bbdark\u00bb global_colors_info=\u00bb{}\u00bb]<\/p>\n<p>La mayor ventaja desde la \u00f3ptica procesal, es la posibilidad de ejecutar el convenio de mediaci\u00f3n en la v\u00eda de apremio , por lo tanto, no se tiene porque iniciar un juicio nuevo y tramitar sus etapas iniciales, puesto que el convenio de mediaci\u00f3n resulta equiparable a una sentencia y por lo tanto, solamente tiene que solicitarse a la autoridad judicial su ejecuci\u00f3n en v\u00eda de apremio, lo cual evidentemente implica un profuso ahorro en tiempo, dinero y desgaste personal para las partes.<\/p>\n<p>La ley dot\u00f3 de protecci\u00f3n y eficacia a los efectos de ejecuci\u00f3n del convenio de mediaci\u00f3n, llegando al punto de que los Juzgadores no pueden negarse a ejecutar los convenios de mediaci\u00f3n, de lo contrario se har\u00e1n acreedores a sanciones administrativas.<\/p>\n<p>[\/et_pb_blurb][\/et_pb_column][\/et_pb_row][et_pb_row column_structure=\u00bb3_5,2_5&#8243; _builder_version=\u00bb4.18.0&#8243; _module_preset=\u00bbdefault\u00bb global_colors_info=\u00bb{}\u00bb][et_pb_column type=\u00bb3_5&#8243; _builder_version=\u00bb4.18.0&#8243; _module_preset=\u00bbdefault\u00bb global_colors_info=\u00bb{}\u00bb][et_pb_blurb title=\u00bbInscripci\u00f3n de garant\u00edas en el Registro P\u00fablico de la Propiedad y cierre de Folio Real\u00bb use_icon=\u00bbon\u00bb font_icon=\u00bb&#xf0e3;||fa||900&#8243; icon_color=\u00bb#DEBE83&#8243; icon_placement=\u00bbleft\u00bb _builder_version=\u00bb4.18.0&#8243; _module_preset=\u00bbdefault\u00bb header_font=\u00bb|700|||||||\u00bb header_text_color=\u00bb#DEBE83&#8243; header_font_size=\u00bb22px\u00bb body_text_color=\u00bb#D6D6D6&#8243; body_font_size=\u00bb18px\u00bb text_orientation=\u00bbjustified\u00bb background_layout=\u00bbdark\u00bb global_colors_info=\u00bb{}\u00bb]<\/p>\n<p>Los convenios de mediaci\u00f3n en los cu\u00e1les se hubiera otorgada una garant\u00eda inmobiliaria son inscribibles ante el Registro P\u00fablico de la Propiedad, registr\u00e1ndose en calidad de anotaci\u00f3n preventiva y por ende, no solo afecta a cualquier adquirente de la finca o derecho real correspondiente cuya adquisici\u00f3n sea posterior a la fecha de la anotaci\u00f3n, sino que da preferencia para el cobro del cr\u00e9dito sobre cualquier otro de fecha posterior.<\/p>\n<p>[\/et_pb_blurb][\/et_pb_column][et_pb_column type=\u00bb2_5&#8243; _builder_version=\u00bb4.18.0&#8243; _module_preset=\u00bbdefault\u00bb global_colors_info=\u00bb{}\u00bb][et_pb_image src=\u00bbhttps:\/\/sanchezsilva.mx\/wp-content\/uploads\/2022\/10\/SS_10_22_008.jpg\u00bb title_text=\u00bbSS_10_22_008&#8243; _builder_version=\u00bb4.18.0&#8243; _module_preset=\u00bbdefault\u00bb border_radii=\u00bbon|10px|10px|10px|10px\u00bb border_width_all=\u00bb4px\u00bb border_color_all=\u00bb#DEBE83&#8243; box_shadow_style=\u00bbpreset3&#8243; global_colors_info=\u00bb{}\u00bb][\/et_pb_image][\/et_pb_column][\/et_pb_row][et_pb_row column_structure=\u00bb2_5,3_5&#8243; _builder_version=\u00bb4.18.0&#8243; _module_preset=\u00bbdefault\u00bb global_colors_info=\u00bb{}\u00bb][et_pb_column type=\u00bb2_5&#8243; _builder_version=\u00bb4.18.0&#8243; _module_preset=\u00bbdefault\u00bb global_colors_info=\u00bb{}\u00bb][et_pb_image src=\u00bbhttps:\/\/sanchezsilva.mx\/wp-content\/uploads\/2022\/10\/SS_10_22_009.jpg\u00bb title_text=\u00bbSS_10_22_009&#8243; _builder_version=\u00bb4.18.0&#8243; _module_preset=\u00bbdefault\u00bb border_radii=\u00bbon|10px|10px|10px|10px\u00bb border_width_all=\u00bb4px\u00bb border_color_all=\u00bb#DEBE83&#8243; box_shadow_style=\u00bbpreset3&#8243; global_colors_info=\u00bb{}\u00bb][\/et_pb_image][\/et_pb_column][et_pb_column type=\u00bb3_5&#8243; _builder_version=\u00bb4.18.0&#8243; _module_preset=\u00bbdefault\u00bb global_colors_info=\u00bb{}\u00bb][et_pb_blurb title=\u00bbCierre de folio real\u00bb use_icon=\u00bbon\u00bb font_icon=\u00bb&#xf0e3;||fa||900&#8243; icon_color=\u00bb#DEBE83&#8243; icon_placement=\u00bbleft\u00bb _builder_version=\u00bb4.18.0&#8243; _module_preset=\u00bbdefault\u00bb header_font=\u00bb|700|||||||\u00bb header_text_color=\u00bb#DEBE83&#8243; header_font_size=\u00bb22px\u00bb body_text_color=\u00bb#D6D6D6&#8243; body_font_size=\u00bb18px\u00bb text_orientation=\u00bbjustified\u00bb background_layout=\u00bbdark\u00bb global_colors_info=\u00bb{}\u00bb]<\/p>\n<p>Por \u00faltimo, se puede pactar el cierre del folio en el Registro P\u00fablico de la Propiedad, cuya consecuencia es que a partir de ese momento no ser\u00e1 posible que terceros inscriban ning\u00fan otro acto respecto del inmueble en cuesti\u00f3n, y el \u00fanico que puede solicitar la cancelaci\u00f3n de dicho cierre es el mediador, y solo cuando las partes se den por satisfechas en el cumplimiento de las obligaciones asumidas<\/p>\n<p>[\/et_pb_blurb][\/et_pb_column][\/et_pb_row][\/et_pb_section][et_pb_section fb_built=\u00bb1&#8243; _builder_version=\u00bb4.18.0&#8243; _module_preset=\u00bbdefault\u00bb background_color=\u00bb#eaeaea\u00bb global_colors_info=\u00bb{}\u00bb][\/et_pb_section][et_pb_section fb_built=\u00bb1&#8243; _builder_version=\u00bb4.18.0&#8243; _module_preset=\u00bbdefault\u00bb background_color=\u00bb#0E344B\u00bb background_image=\u00bbhttps:\/\/sanchezsilva.mx\/wp-content\/uploads\/2022\/10\/SS_10_22_001.jpg\u00bb background_blend=\u00bbexclusion\u00bb height=\u00bb500px\u00bb global_colors_info=\u00bb{}\u00bb][et_pb_row _builder_version=\u00bb4.18.0&#8243; _module_preset=\u00bbdefault\u00bb global_colors_info=\u00bb{}\u00bb][et_pb_column type=\u00bb4_4&#8243; _builder_version=\u00bb4.18.0&#8243; _module_preset=\u00bbdefault\u00bb global_colors_info=\u00bb{}\u00bb][dsm_typing_effect before_typing_effect=\u00bbMediador Privado\u00bb typing_effect=\u00bbCivil |Mercantil | Familiar\u00bb after_typing_effect=\u00bbpor el TSJCDMX \u00bb typing_background_color=\u00bb#DEBE83&#8243; _builder_version=\u00bb4.18.0&#8243; _module_preset=\u00bbdefault\u00bb header_font=\u00bb|700|||||||\u00bb before_text_color=\u00bb#DEBE83&#8243; background_layout=\u00bbdark\u00bb global_colors_info=\u00bb{}\u00bb][\/dsm_typing_effect][\/et_pb_column][\/et_pb_row][\/et_pb_section]<\/p>\n","protected":false},"excerpt":{"rendered":"<p>El\u00a0Mediador Privado\u00a0es un profesional certificado en los campos Civil-Mercantil y Familiar, que se encuentra en constante actualizaci\u00f3n y bajo la regulaci\u00f3n del Centro de Justicia Alternativa del Tribunal Superior de Justicia de la Ciudad de M\u00e9xico.Mediador Privado El\u00a0Mediador Privado\u00a0es un profesional certificado en los campos Civil-Mercantil y Familiar, que se encuentra en constante actualizaci\u00f3n y [&hellip;]<\/p>\n","protected":false},"author":1,"featured_media":0,"parent":0,"menu_order":0,"comment_status":"closed","ping_status":"closed","template":"","meta":{"_et_pb_use_builder":"on","_et_pb_old_content":"","_et_gb_content_width":"","footnotes":""},"class_list":["post-45","page","type-page","status-publish","hentry"],"yoast_head":"<!-- This site is optimized with the Yoast SEO plugin v26.2 - https:\/\/yoast.com\/wordpress\/plugins\/seo\/ -->\n<title>inicio - Sanchez Silva<\/title>\n<meta name=\"robots\" content=\"index, follow, max-snippet:-1, max-image-preview:large, max-video-preview:-1\" \/>\n<link rel=\"canonical\" href=\"https:\/\/sanchezsilva.mx\/\" \/>\n<meta property=\"og:locale\" content=\"es_ES\" \/>\n<meta property=\"og:type\" content=\"article\" \/>\n<meta property=\"og:title\" content=\"inicio - Sanchez Silva\" \/>\n<meta property=\"og:description\" content=\"El\u00a0Mediador Privado\u00a0es un profesional certificado en los campos Civil-Mercantil y Familiar, que se encuentra en constante actualizaci\u00f3n y bajo la regulaci\u00f3n del Centro de Justicia Alternativa del Tribunal Superior de Justicia de la Ciudad de M\u00e9xico.Mediador Privado El\u00a0Mediador Privado\u00a0es un profesional certificado en los campos Civil-Mercantil y Familiar, que se encuentra en constante actualizaci\u00f3n y [&hellip;]\" \/>\n<meta property=\"og:url\" content=\"https:\/\/sanchezsilva.mx\/\" \/>\n<meta property=\"og:site_name\" content=\"Sanchez Silva\" \/>\n<meta property=\"article:modified_time\" content=\"2022-12-23T19:12:03+00:00\" \/>\n<meta name=\"twitter:card\" content=\"summary_large_image\" \/>\n<meta name=\"twitter:label1\" content=\"Tiempo de lectura\" \/>\n\t<meta name=\"twitter:data1\" content=\"9 minutos\" \/>\n<script type=\"application\/ld+json\" class=\"yoast-schema-graph\">{\"@context\":\"https:\/\/schema.org\",\"@graph\":[{\"@type\":\"WebPage\",\"@id\":\"https:\/\/sanchezsilva.mx\/\",\"url\":\"https:\/\/sanchezsilva.mx\/\",\"name\":\"inicio - Sanchez Silva\",\"isPartOf\":{\"@id\":\"https:\/\/sanchezsilva.mx\/#website\"},\"datePublished\":\"2022-10-04T03:12:10+00:00\",\"dateModified\":\"2022-12-23T19:12:03+00:00\",\"breadcrumb\":{\"@id\":\"https:\/\/sanchezsilva.mx\/#breadcrumb\"},\"inLanguage\":\"es\",\"potentialAction\":[{\"@type\":\"ReadAction\",\"target\":[\"https:\/\/sanchezsilva.mx\/\"]}]},{\"@type\":\"BreadcrumbList\",\"@id\":\"https:\/\/sanchezsilva.mx\/#breadcrumb\",\"itemListElement\":[{\"@type\":\"ListItem\",\"position\":1,\"name\":\"Portada\",\"item\":\"https:\/\/sanchezsilva.mx\/\"},{\"@type\":\"ListItem\",\"position\":2,\"name\":\"inicio\"}]},{\"@type\":\"WebSite\",\"@id\":\"https:\/\/sanchezsilva.mx\/#website\",\"url\":\"https:\/\/sanchezsilva.mx\/\",\"name\":\"Sanchez Silva\",\"description\":\"Mediador Privado\",\"potentialAction\":[{\"@type\":\"SearchAction\",\"target\":{\"@type\":\"EntryPoint\",\"urlTemplate\":\"https:\/\/sanchezsilva.mx\/?s={search_term_string}\"},\"query-input\":{\"@type\":\"PropertyValueSpecification\",\"valueRequired\":true,\"valueName\":\"search_term_string\"}}],\"inLanguage\":\"es\"}]}<\/script>\n<!-- \/ Yoast SEO plugin. -->","yoast_head_json":{"title":"inicio - Sanchez Silva","robots":{"index":"index","follow":"follow","max-snippet":"max-snippet:-1","max-image-preview":"max-image-preview:large","max-video-preview":"max-video-preview:-1"},"canonical":"https:\/\/sanchezsilva.mx\/","og_locale":"es_ES","og_type":"article","og_title":"inicio - Sanchez Silva","og_description":"El\u00a0Mediador Privado\u00a0es un profesional certificado en los campos Civil-Mercantil y Familiar, que se encuentra en constante actualizaci\u00f3n y bajo la regulaci\u00f3n del Centro de Justicia Alternativa del Tribunal Superior de Justicia de la Ciudad de M\u00e9xico.Mediador Privado El\u00a0Mediador Privado\u00a0es un profesional certificado en los campos Civil-Mercantil y Familiar, que se encuentra en constante actualizaci\u00f3n y [&hellip;]","og_url":"https:\/\/sanchezsilva.mx\/","og_site_name":"Sanchez Silva","article_modified_time":"2022-12-23T19:12:03+00:00","twitter_card":"summary_large_image","twitter_misc":{"Tiempo de lectura":"9 minutos"},"schema":{"@context":"https:\/\/schema.org","@graph":[{"@type":"WebPage","@id":"https:\/\/sanchezsilva.mx\/","url":"https:\/\/sanchezsilva.mx\/","name":"inicio - Sanchez Silva","isPartOf":{"@id":"https:\/\/sanchezsilva.mx\/#website"},"datePublished":"2022-10-04T03:12:10+00:00","dateModified":"2022-12-23T19:12:03+00:00","breadcrumb":{"@id":"https:\/\/sanchezsilva.mx\/#breadcrumb"},"inLanguage":"es","potentialAction":[{"@type":"ReadAction","target":["https:\/\/sanchezsilva.mx\/"]}]},{"@type":"BreadcrumbList","@id":"https:\/\/sanchezsilva.mx\/#breadcrumb","itemListElement":[{"@type":"ListItem","position":1,"name":"Portada","item":"https:\/\/sanchezsilva.mx\/"},{"@type":"ListItem","position":2,"name":"inicio"}]},{"@type":"WebSite","@id":"https:\/\/sanchezsilva.mx\/#website","url":"https:\/\/sanchezsilva.mx\/","name":"Sanchez Silva","description":"Mediador Privado","potentialAction":[{"@type":"SearchAction","target":{"@type":"EntryPoint","urlTemplate":"https:\/\/sanchezsilva.mx\/?s={search_term_string}"},"query-input":{"@type":"PropertyValueSpecification","valueRequired":true,"valueName":"search_term_string"}}],"inLanguage":"es"}]}},"_links":{"self":[{"href":"https:\/\/sanchezsilva.mx\/index.php?rest_route=\/wp\/v2\/pages\/45","targetHints":{"allow":["GET"]}}],"collection":[{"href":"https:\/\/sanchezsilva.mx\/index.php?rest_route=\/wp\/v2\/pages"}],"about":[{"href":"https:\/\/sanchezsilva.mx\/index.php?rest_route=\/wp\/v2\/types\/page"}],"author":[{"embeddable":true,"href":"https:\/\/sanchezsilva.mx\/index.php?rest_route=\/wp\/v2\/users\/1"}],"replies":[{"embeddable":true,"href":"https:\/\/sanchezsilva.mx\/index.php?rest_route=%2Fwp%2Fv2%2Fcomments&post=45"}],"version-history":[{"count":3,"href":"https:\/\/sanchezsilva.mx\/index.php?rest_route=\/wp\/v2\/pages\/45\/revisions"}],"predecessor-version":[{"id":84,"href":"https:\/\/sanchezsilva.mx\/index.php?rest_route=\/wp\/v2\/pages\/45\/revisions\/84"}],"wp:attachment":[{"href":"https:\/\/sanchezsilva.mx\/index.php?rest_route=%2Fwp%2Fv2%2Fmedia&parent=45"}],"curies":[{"name":"wp","href":"https:\/\/api.w.org\/{rel}","templated":true}]}}